{"id":2024,"date":"2025-04-17T07:57:35","date_gmt":"2025-04-17T07:57:35","guid":{"rendered":"https:\/\/znfu.com\/?page_id=2024"},"modified":"2025-04-17T08:08:05","modified_gmt":"2025-04-17T08:08:05","slug":"thank-you","status":"publish","type":"page","link":"https:\/\/znfu.com\/pl\/thank-you\/","title":{"rendered":"Dzi\u0119kuj\u0119"},"content":{"rendered":"<div data-elementor-type=\"wp-page\" data-elementor-id=\"2024\" class=\"elementor elementor-2024\" data-elementor-post-type=\"page\">\n\t\t\t\t<div class=\"elementor-element elementor-element-6462712 e-flex e-con-boxed e-con e-parent\" data-id=\"6462712\" data-element_type=\"container\" data-settings=\"{&quot;background_background&quot;:&quot;classic&quot;}\">\n\t\t\t\t\t<div class=\"e-con-inner\">\n\t\t\t\t<div class=\"elementor-element elementor-element-e0adeca elementor-view-default elementor-position-top elementor-mobile-position-top elementor-widget elementor-widget-icon-box\" data-id=\"e0adeca\" data-element_type=\"widget\" data-widget_type=\"icon-box.default\">\n\t\t\t\t<div class=\"elementor-widget-container\">\n\t\t\t\t\t\t\t<div class=\"elementor-icon-box-wrapper\">\n\n\t\t\t\t\t\t<div class=\"elementor-icon-box-icon\">\n\t\t\t\t<span  class=\"elementor-icon\">\n\t\t\t\t<svg aria-hidden=\"true\" class=\"e-font-icon-svg e-fas-check-circle\" viewbox=\"0 0 512 512\" xmlns=\"http:\/\/www.w3.org\/2000\/svg\"><path d=\"M504 256c0 136.967-111.033 248-248 248S8 392.967 8 256 119.033 8 256 8s248 111.033 248 248zM227.314 387.314l184-184c6.248-6.248 6.248-16.379 0-22.627l-22.627-22.627c-6.248-6.249-16.379-6.249-22.628 0L216 308.118l-70.059-70.059c-6.248-6.248-16.379-6.248-22.628 0l-22.627 22.627c-6.248 6.248-6.248 16.379 0 22.627l104 104c6.249 6.249 16.379 6.249 22.628.001z\"><\/path><\/svg>\t\t\t\t<\/span>\n\t\t\t<\/div>\n\t\t\t\n\t\t\t\t\t\t<div class=\"elementor-icon-box-content\">\n\n\t\t\t\t\t\t\t\t\t<h3 class=\"elementor-icon-box-title\">\n\t\t\t\t\t\t<span  >\n\t\t\t\t\t\t\tDzi\u0119kuj\u0119\t\t\t\t\t\t<\/span>\n\t\t\t\t\t<\/h3>\n\t\t\t\t\n\t\t\t\t\t\t\t\t\t<p class=\"elementor-icon-box-description\">\n\t\t\t\t\t\tYour message was sent successfully, we will contact you soon!\t\t\t\t\t<\/p>\n\t\t\t\t\n\t\t\t<\/div>\n\t\t\t\n\t\t<\/div>\n\t\t\t\t\t\t<\/div>\n\t\t\t\t<\/div>\n\t\t\t\t<div class=\"elementor-element elementor-element-21a2f54 elementor-align-center elementor-widget elementor-widget-button\" data-id=\"21a2f54\" data-element_type=\"widget\" data-widget_type=\"button.default\">\n\t\t\t\t<div class=\"elementor-widget-container\">\n\t\t\t\t\t\t\t\t\t<div class=\"elementor-button-wrapper\">\n\t\t\t\t\t<a class=\"elementor-button elementor-button-link elementor-size-sm\" href=\"https:\/\/znfu.com\/pl\">\n\t\t\t\t\t\t<span class=\"elementor-button-content-wrapper\">\n\t\t\t\t\t\t\t\t\t<span class=\"elementor-button-text\">Back Home<\/span>\n\t\t\t\t\t<\/span>\n\t\t\t\t\t<\/a>\n\t\t\t\t<\/div>\n\t\t\t\t\t\t\t\t<\/div>\n\t\t\t\t<\/div>\n\t\t\t\t\t<\/div>\n\t\t\t\t<\/div>\n\t\t\t\t<\/div>","protected":false},"excerpt":{"rendered":"<p>Thank you Your message was sent successfully, we will contact you soon! Back Home<\/p>","protected":false},"author":1,"featured_media":0,"parent":0,"menu_order":0,"comment_status":"closed","ping_status":"closed","template":"","meta":{"site-sidebar-layout":"no-sidebar","site-content-layout":"","ast-site-content-layout":"full-width-container","site-content-style":"default","site-sidebar-style":"default","ast-global-header-display":"","ast-banner-title-visibility":"","ast-main-header-display":"","ast-hfb-above-header-display":"","ast-hfb-below-header-display":"","ast-hfb-mobile-header-display":"","site-post-title":"disabled","ast-breadcrumbs-content":"","ast-featured-img":"disabled","footer-sml-layout":"","theme-transparent-header-meta":"","adv-header-id-meta":"","stick-header-meta":"","header-above-stick-meta":"","header-main-stick-meta":"","header-below-stick-meta":"","astra-migrate-meta-layouts":"default","ast-page-background-enabled":"default","ast-page-background-meta":{"desktop":{"background-color":"var(--ast-global-color-5)","background-image":"","background-repeat":"repeat","background-position":"center center","background-size":"auto","background-attachment":"scroll","background-type":"","background-media":"","overlay-type":"","overlay-color":"","overlay-opacity":"","overlay-gradient":""},"tablet":{"background-color":"","background-image":"","background-repeat":"repeat","background-position":"center center","background-size":"auto","background-attachment":"scroll","background-type":"","background-media":"","overlay-type":"","overlay-color":"","overlay-opacity":"","overlay-gradient":""},"mobile":{"background-color":"","background-image":"","background-repeat":"repeat","background-position":"center center","background-size":"auto","background-attachment":"scroll","background-type":"","background-media":"","overlay-type":"","overlay-color":"","overlay-opacity":"","overlay-gradient":""}},"ast-content-background-meta":{"desktop":{"background-color":"var(--ast-global-color-4)","background-image":"","background-repeat":"repeat","background-position":"center center","background-size":"auto","background-attachment":"scroll","background-type":"","background-media":"","overlay-type":"","overlay-color":"","overlay-opacity":"","overlay-gradient":""},"tablet":{"background-color":"var(--ast-global-color-4)","background-image":"","background-repeat":"repeat","background-position":"center center","background-size":"auto","background-attachment":"scroll","background-type":"","background-media":"","overlay-type":"","overlay-color":"","overlay-opacity":"","overlay-gradient":""},"mobile":{"background-color":"var(--ast-global-color-4)","background-image":"","background-repeat":"repeat","background-position":"center center","background-size":"auto","background-attachment":"scroll","background-type":"","background-media":"","overlay-type":"","overlay-color":"","overlay-opacity":"","overlay-gradient":""}},"footnotes":""},"class_list":["post-2024","page","type-page","status-publish","hentry"],"yoast_head":"<!-- This site is optimized with the Yoast SEO plugin v26.5 - https:\/\/yoast.com\/wordpress\/plugins\/seo\/ -->\n<title>Thank you - ZNFU<\/title>\n<meta name=\"robots\" content=\"noindex, follow\" \/>\n<meta property=\"og:locale\" content=\"pl_PL\" \/>\n<meta property=\"og:type\" content=\"article\" \/>\n<meta property=\"og:title\" content=\"Thank you - ZNFU\" \/>\n<meta property=\"og:description\" content=\"Thank you Your message was sent successfully, we will contact you soon! Back Home\" \/>\n<meta property=\"og:url\" content=\"https:\/\/znfu.com\/pl\/thank-you\/\" \/>\n<meta property=\"og:site_name\" content=\"ZNFU\" \/>\n<meta property=\"article:modified_time\" content=\"2025-04-17T08:08:05+00:00\" \/>\n<meta name=\"twitter:card\" content=\"summary_large_image\" \/>\n<script type=\"application\/ld+json\" class=\"yoast-schema-graph\">{\"@context\":\"https:\/\/schema.org\",\"@graph\":[{\"@type\":\"WebPage\",\"@id\":\"https:\/\/znfu.com\/thank-you\/\",\"url\":\"https:\/\/znfu.com\/thank-you\/\",\"name\":\"Thank you - ZNFU\",\"isPartOf\":{\"@id\":\"https:\/\/znfu.com\/#website\"},\"datePublished\":\"2025-04-17T07:57:35+00:00\",\"dateModified\":\"2025-04-17T08:08:05+00:00\",\"breadcrumb\":{\"@id\":\"https:\/\/znfu.com\/thank-you\/#breadcrumb\"},\"inLanguage\":\"pl-PL\",\"potentialAction\":[{\"@type\":\"ReadAction\",\"target\":[\"https:\/\/znfu.com\/thank-you\/\"]}]},{\"@type\":\"BreadcrumbList\",\"@id\":\"https:\/\/znfu.com\/thank-you\/#breadcrumb\",\"itemListElement\":[{\"@type\":\"ListItem\",\"position\":1,\"name\":\"Home\",\"item\":\"https:\/\/znfu.com\/\"},{\"@type\":\"ListItem\",\"position\":2,\"name\":\"Thank you\"}]},{\"@type\":\"WebSite\",\"@id\":\"https:\/\/znfu.com\/#website\",\"url\":\"https:\/\/znfu.com\/\",\"name\":\"ZN\",\"description\":\"Power in Sustainable Future with Heat and Energy Innovation\",\"publisher\":{\"@id\":\"https:\/\/znfu.com\/#organization\"},\"potentialAction\":[{\"@type\":\"SearchAction\",\"target\":{\"@type\":\"EntryPoint\",\"urlTemplate\":\"https:\/\/znfu.com\/?s={search_term_string}\"},\"query-input\":{\"@type\":\"PropertyValueSpecification\",\"valueRequired\":true,\"valueName\":\"search_term_string\"}}],\"inLanguage\":\"pl-PL\"},{\"@type\":\"Organization\",\"@id\":\"https:\/\/znfu.com\/#organization\",\"name\":\"ZN\",\"url\":\"https:\/\/znfu.com\/\",\"logo\":{\"@type\":\"ImageObject\",\"inLanguage\":\"pl-PL\",\"@id\":\"https:\/\/znfu.com\/#\/schema\/logo\/image\/\",\"url\":\"https:\/\/znfu.com\/wp-content\/uploads\/2025\/03\/cropped-500500.png\",\"contentUrl\":\"https:\/\/znfu.com\/wp-content\/uploads\/2025\/03\/cropped-500500.png\",\"width\":512,\"height\":512,\"caption\":\"ZN\"},\"image\":{\"@id\":\"https:\/\/znfu.com\/#\/schema\/logo\/image\/\"}}]}<\/script>\n<!-- \/ Yoast SEO plugin. -->","yoast_head_json":{"title":"Thank you - ZNFU","robots":{"index":"noindex","follow":"follow"},"og_locale":"pl_PL","og_type":"article","og_title":"Thank you - ZNFU","og_description":"Thank you Your message was sent successfully, we will contact you soon! Back Home","og_url":"https:\/\/znfu.com\/pl\/thank-you\/","og_site_name":"ZNFU","article_modified_time":"2025-04-17T08:08:05+00:00","twitter_card":"summary_large_image","schema":{"@context":"https:\/\/schema.org","@graph":[{"@type":"WebPage","@id":"https:\/\/znfu.com\/thank-you\/","url":"https:\/\/znfu.com\/thank-you\/","name":"Thank you - ZNFU","isPartOf":{"@id":"https:\/\/znfu.com\/#website"},"datePublished":"2025-04-17T07:57:35+00:00","dateModified":"2025-04-17T08:08:05+00:00","breadcrumb":{"@id":"https:\/\/znfu.com\/thank-you\/#breadcrumb"},"inLanguage":"pl-PL","potentialAction":[{"@type":"ReadAction","target":["https:\/\/znfu.com\/thank-you\/"]}]},{"@type":"BreadcrumbList","@id":"https:\/\/znfu.com\/thank-you\/#breadcrumb","itemListElement":[{"@type":"ListItem","position":1,"name":"Home","item":"https:\/\/znfu.com\/"},{"@type":"ListItem","position":2,"name":"Thank you"}]},{"@type":"WebSite","@id":"https:\/\/znfu.com\/#website","url":"https:\/\/znfu.com\/","name":"ZN","description":"Moc w zr\u00f3wnowa\u017conej przysz\u0142o\u015bci dzi\u0119ki innowacjom w zakresie ciep\u0142a i energii","publisher":{"@id":"https:\/\/znfu.com\/#organization"},"potentialAction":[{"@type":"SearchAction","target":{"@type":"EntryPoint","urlTemplate":"https:\/\/znfu.com\/?s={search_term_string}"},"query-input":{"@type":"PropertyValueSpecification","valueRequired":true,"valueName":"search_term_string"}}],"inLanguage":"pl-PL"},{"@type":"Organization","@id":"https:\/\/znfu.com\/#organization","name":"ZN","url":"https:\/\/znfu.com\/","logo":{"@type":"ImageObject","inLanguage":"pl-PL","@id":"https:\/\/znfu.com\/#\/schema\/logo\/image\/","url":"https:\/\/znfu.com\/wp-content\/uploads\/2025\/03\/cropped-500500.png","contentUrl":"https:\/\/znfu.com\/wp-content\/uploads\/2025\/03\/cropped-500500.png","width":512,"height":512,"caption":"ZN"},"image":{"@id":"https:\/\/znfu.com\/#\/schema\/logo\/image\/"}}]}},"_links":{"self":[{"href":"https:\/\/znfu.com\/pl\/wp-json\/wp\/v2\/pages\/2024","targetHints":{"allow":["GET"]}}],"collection":[{"href":"https:\/\/znfu.com\/pl\/wp-json\/wp\/v2\/pages"}],"about":[{"href":"https:\/\/znfu.com\/pl\/wp-json\/wp\/v2\/types\/page"}],"author":[{"embeddable":true,"href":"https:\/\/znfu.com\/pl\/wp-json\/wp\/v2\/users\/1"}],"replies":[{"embeddable":true,"href":"https:\/\/znfu.com\/pl\/wp-json\/wp\/v2\/comments?post=2024"}],"version-history":[{"count":10,"href":"https:\/\/znfu.com\/pl\/wp-json\/wp\/v2\/pages\/2024\/revisions"}],"predecessor-version":[{"id":2035,"href":"https:\/\/znfu.com\/pl\/wp-json\/wp\/v2\/pages\/2024\/revisions\/2035"}],"wp:attachment":[{"href":"https:\/\/znfu.com\/pl\/wp-json\/wp\/v2\/media?parent=2024"}],"curies":[{"name":"wp","href":"https:\/\/api.w.org\/{rel}","templated":true}]}}